{"id":13,"date":"2017-02-03T08:25:45","date_gmt":"2017-02-03T08:25:45","guid":{"rendered":"http:\/\/themes.muffingroup.com\/betheme\/?page_id=13"},"modified":"2026-03-13T15:17:17","modified_gmt":"2026-03-13T12:17:17","slug":"7-saglik-ve-bilisim","status":"publish","type":"page","link":"https:\/\/saglikvebilisim.org\/2026\/tanitim\/7-saglik-ve-bilisim\/","title":{"rendered":"7. Sa\u011fl\u0131k ve Bili\u015fim"},"content":{"rendered":"","protected":false},"excerpt":{"rendered":"","protected":false},"author":1,"featured_media":-1,"parent":100,"menu_order":0,"comment_status":"closed","ping_status":"closed","template":"","meta":{"footnotes":""},"class_list":["post-13","page","type-page","status-publish","has-post-thumbnail","hentry"],"_links":{"self":[{"href":"https:\/\/saglikvebilisim.org\/2026\/wp-json\/wp\/v2\/pages\/13","targetHints":{"allow":["GET"]}}],"collection":[{"href":"https:\/\/saglikvebilisim.org\/2026\/wp-json\/wp\/v2\/pages"}],"about":[{"href":"https:\/\/saglikvebilisim.org\/2026\/wp-json\/wp\/v2\/types\/page"}],"author":[{"embeddable":true,"href":"https:\/\/saglikvebilisim.org\/2026\/wp-json\/wp\/v2\/users\/1"}],"replies":[{"embeddable":true,"href":"https:\/\/saglikvebilisim.org\/2026\/wp-json\/wp\/v2\/comments?post=13"}],"version-history":[{"count":14,"href":"https:\/\/saglikvebilisim.org\/2026\/wp-json\/wp\/v2\/pages\/13\/revisions"}],"predecessor-version":[{"id":275,"href":"https:\/\/saglikvebilisim.org\/2026\/wp-json\/wp\/v2\/pages\/13\/revisions\/275"}],"up":[{"embeddable":true,"href":"https:\/\/saglikvebilisim.org\/2026\/wp-json\/wp\/v2\/pages\/100"}],"wp:featuredmedia":[{"embeddable":true,"href":"https:\/\/saglikvebilisim.org\/2026\/wp-json\/"}],"wp:attachment":[{"href":"https:\/\/saglikvebilisim.org\/2026\/wp-json\/wp\/v2\/media?parent=13"}],"curies":[{"name":"wp","href":"https:\/\/api.w.org\/{rel}","templated":true}]}}